{"id":167,"date":"2024-01-21T18:55:05","date_gmt":"2024-01-21T18:55:05","guid":{"rendered":"https:\/\/wp-test.harrichhausen.eu\/?page_id=167"},"modified":"2024-04-26T20:11:11","modified_gmt":"2024-04-26T20:11:11","slug":"mitgliedschaft-2","status":"publish","type":"page","link":"https:\/\/kccev.de\/?page_id=167","title":{"rendered":"Mitgliedschaft"},"content":{"rendered":"\n<div class=\"wp-block-group is-vertical is-layout-flex wp-container-core-group-is-layout-1 wp-block-group-is-layout-flex\">\n<p>Bei Interesse an einer Mitgliedschaft in unserem Verein setzt euch bitte \u00fcber\u00a0<a href=\"mailto:info@kccev.de\">info@kccev.de<\/a>\u00a0oder Tel. 0221-2940783 mit uns in Verbindung.<\/p>\n<\/div>\n\n\n\n<p>Die Anmietung eines Stellplatzes ist nur in Verbindung mit einer Mitgliedschaft m\u00f6glich. Pro Stellplatz kann zus\u00e4tzlich eine Familienmitgliedschaft erworben werden, die dann den Partner mit einbezieht. Minderj\u00e4hrige Kinder sind kostenfrei. F\u00fcr vollj\u00e4hrige Kinder, sonstige Familienangeh\u00f6rige, Freunde und Bekannte ist eine \u00dcbernachtungspauschale zu entrichten.<\/p>\n\n\n\n<p>Der Jahresbeitrag setzt sich zusammen aus:<\/p>\n\n\n\n<ul>\n<li>der Stellplatzjahresgeb\u00fchr<\/li>\n\n\n\n<li>der Mitgliedschaftsgeb\u00fchr<\/li>\n\n\n\n<li>der Familienmitgliedschaftsgeb\u00fchr<\/li>\n\n\n\n<li>dem individuellen Stromverbrauch<\/li>\n<\/ul>\n\n\n\n<p>F\u00fcr Neumitglieder gelten im ersten Mitgliedsjahr besondere Konditionen. Die sogenannte Probemitgliedschaft erm\u00f6glicht es allen Beteiligten zu pr\u00fcfen, ob man zueinander passt.<\/p>\n\n\n\n<p><\/p>\n\n\n\n<p><\/p>\n","protected":false},"excerpt":{"rendered":"<p>Bei Interesse an einer Mitgliedschaft in unserem Verein setzt euch bitte \u00fcber\u00a0info@kccev.de\u00a0oder Tel. 0221-2940783 mit uns in Verbindung. Die Anmietung eines Stellplatzes ist nur in Verbindung mit einer Mitgliedschaft m\u00f6glich. Pro Stellplatz kann zus\u00e4tzlich eine Familienmitgliedschaft erworben werden, die dann den Partner mit einbezieht. Minderj\u00e4hrige Kinder sind kostenfrei. F\u00fcr vollj\u00e4hrige Kinder, sonstige Familienangeh\u00f6rige, Freunde und [&hellip;]<\/p>\n","protected":false},"author":1,"featured_media":0,"parent":0,"menu_order":3,"comment_status":"closed","ping_status":"closed","template":"","meta":{"footnotes":""},"_links":{"self":[{"href":"https:\/\/kccev.de\/index.php?rest_route=\/wp\/v2\/pages\/167"}],"collection":[{"href":"https:\/\/kccev.de\/index.php?rest_route=\/wp\/v2\/pages"}],"about":[{"href":"https:\/\/kccev.de\/index.php?rest_route=\/wp\/v2\/types\/page"}],"author":[{"embeddable":true,"href":"https:\/\/kccev.de\/index.php?rest_route=\/wp\/v2\/users\/1"}],"replies":[{"embeddable":true,"href":"https:\/\/kccev.de\/index.php?rest_route=%2Fwp%2Fv2%2Fcomments&post=167"}],"version-history":[{"count":6,"href":"https:\/\/kccev.de\/index.php?rest_route=\/wp\/v2\/pages\/167\/revisions"}],"predecessor-version":[{"id":532,"href":"https:\/\/kccev.de\/index.php?rest_route=\/wp\/v2\/pages\/167\/revisions\/532"}],"wp:attachment":[{"href":"https:\/\/kccev.de\/index.php?rest_route=%2Fwp%2Fv2%2Fmedia&parent=167"}],"curies":[{"name":"wp","href":"https:\/\/api.w.org\/{rel}","templated":true}]}}