{"id":142,"date":"2024-01-21T16:32:19","date_gmt":"2024-01-21T16:32:19","guid":{"rendered":"https:\/\/wp-test.harrichhausen.eu\/?page_id=142"},"modified":"2024-04-29T20:02:55","modified_gmt":"2024-04-29T20:02:55","slug":"der-campingplatz","status":"publish","type":"page","link":"https:\/\/kccev.de\/?page_id=142","title":{"rendered":"Der Campingplatz"},"content":{"rendered":"\n<p>Wir sind ein privater, kleiner, ehrenamtlicher Campingverein (gegr\u00fcndet 1958), auf einem Areal von 12.500 m\u00b2, der sehr idyllisch zwischen Rheinbach, Bad M\u00fcnstereifel und Ahrweiler liegt.                                                                                       Ausflugsziele sind zahlreich vorhanden &#8211; Steinbachtalsperre, Radioteleskop Effelsberg, Sommerrodelbahn Altenahr, Laacher See, Regierungsbunker uvm.                                                                                                                                                        Wichtig insbesondere f\u00fcr Wohnmobilbesitzer: Eine Busanbindung an den \u00f6ffentlichen Nahverkehr ist vorhanden, allerdings mit Einschr\u00e4nkungen. <\/p>\n\n\n\n<p>Der Zugang und Aufenthalt zum Campingplatz ist unseren Vereinsmitgliedern, den zugeh\u00f6rigen Familienmitgliedern, minderj\u00e4hrigen Kindern jederzeit, ganzj\u00e4hrig und kostenfrei m\u00f6glich. Vollj\u00e4hrige Kinder sind kostenpflichtig. Freunden und Bekannten ist der Zugang zum Platz nur bei Anwesenheit des Stellplatzinhabers m\u00f6glich (Tagesbesuch kostenfrei, \u00dcbernachtungsbesuch kostenpflichtig). Zur Zeit werden auf diesem Gel\u00e4nde 30 Stellpl\u00e4tze an Mitglieder vermietet (ausgestattet mit Strom 16 Ampere, WLAN) mit ausreichend Platz um die Privatsph\u00e4re zu erhalten und den Kindern Spielem\u00f6glichkeiten zu geben. Der Platz verf\u00fcgt \u00fcber ein beheizbares Sanit\u00e4rgeb\u00e4ude mit Entsorgungsm\u00f6glichkeit f\u00fcr Schmutzwasser, einem Gemeinschaftshaus &#8222;Clubh\u00f6tt&#8220;, einer Werkzeugh\u00fctte und einem Spielplatz. Es gibt keine gesonderte Entsorgungsstation f\u00fcr Wohnmobile und der private M\u00fcll muss auch selbst entsorgt werden.<\/p>\n\n\n\n<p>Alle Pl\u00e4tze sind f\u00fcr Wohnwagen geeignet. Auf einigen der Pl\u00e4tze kann aufgrund der Bodenbeschaffenheit auch ein kleines Wohnmobil (nicht \u00fcber 3,5 T) abgestellt werden.<\/p>\n\n\n\n<p>Wir w\u00fcnschen uns neue, aufgeschlossene, gerne handwerklich begabte Mitglieder (sehr gerne mit Kindern), die den Aufenthalt in der ruhigen Voreifel genie\u00dfen m\u00f6chten, mit uns diesen sch\u00f6nen Platz erhalten wollen und sich gerne in den Verein mit einbringen. An Mitcampern die den Platz nur als reinen Abstellplatz ben\u00f6tigen sind wir <em>nicht<\/em> interessiert.<\/p>\n\n\n\n<p>Zur Erhaltung des Platzes sind von jedem Vereinsmitglied (oder einem Stellvertreter), 15 Stunden im Jahr Arbeitsleistung zu erbringen. F\u00fcr die Ableistung dieser Stunden werden in jedem Jahr Arbeitseins\u00e4tze (\u00e0 5 Std.) angeboten, in denen die pflegerischen oder instandhaltenden Arbeiten gemeinschaftlich abgeleistet werden (dar\u00fcber hinaus gehender Einsatz wird auf keinen Fall eingebremst \ud83d\ude09).<\/p>\n\n\n\n<p><\/p>\n\n\n\n<p>                   N\u00e4here Information auf der Seite Mitgliedschaft.<\/p>\n\n\n\n<div class=\"wp-block-columns is-layout-flex wp-container-core-columns-is-layout-1 wp-block-columns-is-layout-flex\">\n<div class=\"wp-block-column is-layout-flow wp-block-column-is-layout-flow\"><\/div>\n<\/div>\n\n\n\n<figure class=\"wp-block-gallery has-nested-images columns-default is-cropped wp-block-gallery-1 is-layout-flex wp-block-gallery-is-layout-flex\">\n<figure class=\"wp-block-image size-large\"><img loading=\"lazy\" decoding=\"async\" width=\"600\" height=\"402\" data-id=\"162\" src=\"https:\/\/wp-test.harrichhausen.eu\/wp-content\/uploads\/2024\/01\/image-2.png\" alt=\"\" class=\"wp-image-162\" srcset=\"https:\/\/kccev.de\/wp-content\/uploads\/2024\/01\/image-2.png 600w, https:\/\/kccev.de\/wp-content\/uploads\/2024\/01\/image-2-300x201.png 300w\" sizes=\"(max-width: 600px) 100vw, 600px\" \/><\/figure>\n\n\n\n<figure class=\"wp-block-image size-large is-resized\"><img loading=\"lazy\" decoding=\"async\" width=\"600\" height=\"402\" data-id=\"159\" src=\"https:\/\/wp-test.harrichhausen.eu\/wp-content\/uploads\/2024\/01\/image.png\" alt=\"\" class=\"wp-image-159\" style=\"width:512px;height:auto\" srcset=\"https:\/\/kccev.de\/wp-content\/uploads\/2024\/01\/image.png 600w, https:\/\/kccev.de\/wp-content\/uploads\/2024\/01\/image-300x201.png 300w\" sizes=\"(max-width: 600px) 100vw, 600px\" \/><\/figure>\n<\/figure>\n\n\n\n<figure class=\"wp-block-gallery has-nested-images columns-default is-cropped wp-block-gallery-2 is-layout-flex wp-block-gallery-is-layout-flex\">\n<figure class=\"wp-block-image size-large\"><img loading=\"lazy\" decoding=\"async\" width=\"600\" height=\"402\" data-id=\"161\" src=\"https:\/\/wp-test.harrichhausen.eu\/wp-content\/uploads\/2024\/01\/image-1.png\" alt=\"\" class=\"wp-image-161\" srcset=\"https:\/\/kccev.de\/wp-content\/uploads\/2024\/01\/image-1.png 600w, https:\/\/kccev.de\/wp-content\/uploads\/2024\/01\/image-1-300x201.png 300w\" sizes=\"(max-width: 600px) 100vw, 600px\" \/><\/figure>\n<\/figure>\n\n\n\n<div class=\"wp-block-columns is-layout-flex wp-container-core-columns-is-layout-3 wp-block-columns-is-layout-flex\">\n<div class=\"wp-block-column is-layout-flow wp-block-column-is-layout-flow\" style=\"flex-basis:100%\">\n<div class=\"wp-block-columns is-layout-flex wp-container-core-columns-is-layout-2 wp-block-columns-is-layout-flex\">\n<div class=\"wp-block-column is-layout-flow wp-block-column-is-layout-flow\" style=\"flex-basis:100%\">\n<div class=\"wp-block-group\"><div class=\"wp-block-group__inner-container is-layout-constrained wp-block-group-is-layout-constrained\">\n<figure class=\"wp-block-gallery has-nested-images columns-default is-cropped wp-block-gallery-3 is-layout-flex wp-block-gallery-is-layout-flex\">\n<figure class=\"wp-block-image is-resized\"><img decoding=\"async\" src=\"https:\/\/kccev.de\/db_bild162.jpg\" alt=\"bild16\" style=\"aspect-ratio:16\/9;object-fit:cover;width:291px;height:auto\" title=\"bild16\"\/><\/figure>\n\n\n\n<figure class=\"wp-block-image size-large is-resized\"><img loading=\"lazy\" decoding=\"async\" width=\"600\" height=\"450\" src=\"https:\/\/wp-test.harrichhausen.eu\/wp-content\/uploads\/2024\/01\/image-3.png\" alt=\"\" class=\"wp-image-164\" style=\"width:312px;height:auto\" srcset=\"https:\/\/kccev.de\/wp-content\/uploads\/2024\/01\/image-3.png 600w, https:\/\/kccev.de\/wp-content\/uploads\/2024\/01\/image-3-300x225.png 300w\" sizes=\"(max-width: 600px) 100vw, 600px\" \/><\/figure>\n<\/figure>\n<\/div><\/div>\n<\/div>\n<\/div>\n<\/div>\n<\/div>\n\n\n\n<div class=\"wp-block-columns is-layout-flex wp-container-core-columns-is-layout-4 wp-block-columns-is-layout-flex\">\n<div class=\"wp-block-column is-layout-flow wp-block-column-is-layout-flow\" style=\"flex-basis:100%\"><\/div>\n<\/div>\n","protected":false},"excerpt":{"rendered":"<p>Wir sind ein privater, kleiner, ehrenamtlicher Campingverein (gegr\u00fcndet 1958), auf einem Areal von 12.500 m\u00b2, der sehr idyllisch zwischen Rheinbach, Bad M\u00fcnstereifel und Ahrweiler liegt. Ausflugsziele sind zahlreich vorhanden &#8211; Steinbachtalsperre, Radioteleskop Effelsberg, Sommerrodelbahn Altenahr, Laacher See, Regierungsbunker uvm. Wichtig insbesondere f\u00fcr Wohnmobilbesitzer: Eine Busanbindung an den \u00f6ffentlichen Nahverkehr ist vorhanden, allerdings mit Einschr\u00e4nkungen. Der [&hellip;]<\/p>\n","protected":false},"author":1,"featured_media":0,"parent":0,"menu_order":2,"comment_status":"closed","ping_status":"closed","template":"","meta":{"footnotes":""},"_links":{"self":[{"href":"https:\/\/kccev.de\/index.php?rest_route=\/wp\/v2\/pages\/142"}],"collection":[{"href":"https:\/\/kccev.de\/index.php?rest_route=\/wp\/v2\/pages"}],"about":[{"href":"https:\/\/kccev.de\/index.php?rest_route=\/wp\/v2\/types\/page"}],"author":[{"embeddable":true,"href":"https:\/\/kccev.de\/index.php?rest_route=\/wp\/v2\/users\/1"}],"replies":[{"embeddable":true,"href":"https:\/\/kccev.de\/index.php?rest_route=%2Fwp%2Fv2%2Fcomments&post=142"}],"version-history":[{"count":12,"href":"https:\/\/kccev.de\/index.php?rest_route=\/wp\/v2\/pages\/142\/revisions"}],"predecessor-version":[{"id":584,"href":"https:\/\/kccev.de\/index.php?rest_route=\/wp\/v2\/pages\/142\/revisions\/584"}],"wp:attachment":[{"href":"https:\/\/kccev.de\/index.php?rest_route=%2Fwp%2Fv2%2Fmedia&parent=142"}],"curies":[{"name":"wp","href":"https:\/\/api.w.org\/{rel}","templated":true}]}}